{"id":1640,"date":"2019-10-11T11:00:27","date_gmt":"2019-10-11T09:00:27","guid":{"rendered":"https:\/\/www.hoteltreponti.it\/?page_id=1640"},"modified":"2019-10-11T11:00:46","modified_gmt":"2019-10-11T09:00:46","slug":"privacy-policy","status":"publish","type":"page","link":"https:\/\/www.hoteltreponti.it\/en\/privacy-policy\/","title":{"rendered":"Privacy Policy"},"content":{"rendered":"<div class=\"wpb-content-wrapper\"><p>[vc_row][vc_column][vc_column_text]<\/p>\n<h2 style=\"font-size: 40px; letter-spacing: 0; text-transform: none;\">Privacy policy<\/h2>\n<p>La presente Privacy Policy ha lo scopo di descrivere le modalit\u00e0 di gestione del Sito www.hoteltreponti.it, in riferimento al trattamento dei dati personali degli utenti\/visitatori che lo consultano. Il presente documento riguarda unicamente il sito web sopra citato, non anche ulteriori siti visitabili attraverso link ivi contenuti e contiene informazioni rese agli utenti nel rispetto delle previsioni del Regolamento UE 2016\/679 e del d. lgs. 196\/2003 ss. mm..<\/p>\n<p>I contenuti del presente Sito \u2013 comprensivi di dati, notizie, informazioni, immagini, grafici, disegni, marchi e nomi a dominio \u2013 sono di propriet\u00e0 di Hotel ai tre ponti srl e, se non diversamente indicato, coperti da copyright e dalla normativa in materia di propriet\u00e0 industriale e intellettuale.<\/p>\n<p>Si precisa che il termine \u201cDati Personali\u201d viene utilizzato con riferimento a qualunque informazione che consenta ai gestori del sito www.hoteltreponti.it di identificare l\u2019utente (o un soggetto terzo di cui l\u2019utente fornisca i dati), direttamente o indirettamente, incluse eventuali informazioni connesse all\u2019acquisto di beni o servizi, ovvero che l\u2019utente scelga di comunicare o di condividere, durante l\u2019utilizzo del Sito Web.<\/p>\n<p>Si invitano gli utenti\/visitatori pertanto a leggere attentamente la presente Privacy Policy prima di inoltrare qualsiasi tipo di informazione personale e\/o compilare qualunque modulo elettronico presente sul sito stesso.<\/p>\n<h3>1. TITOLARE DEL TRATTAMENTO<\/h3>\n<p>Il \u201cTitolare\u201d del trattamento \u00e8 la societ\u00e0 Gheris srls (P. Iva IT025445702225), con sede legale in Via Sorelle Lucian n. 39\/41 &#8211; 38054 Primiero San Martino di Castrozza (TN). Il titolare pu\u00f2 essere contattato a mezzo di raccomandata a.r. od utilizzando l\u2019indirizzo di posta elettronica informazioni@hoteltreponti.it o indirizzo PEC gheris@pec.it.<\/p>\n<h3>2. TIPOLOGIA DI DATI TRATTATI e FINALITA\u2019 DEL TRATTAMENTO<\/h3>\n<p><strong><i>Dati di navigazione<\/i><\/strong> Il Titolare tratter\u00e0 alcuni dati personali degli utenti che interagiscono con i sistemi informatici e le procedure software preposte al funzionamento del sito. Verranno trattati, in particolare, i dati di navigazione che i sistemi informatici acquisiscono automaticamente durante l\u2019utilizzo del sito, quale ad esempio l\u2019indirizzo IP, nomi di dominio e tipi di browser che non sono accompagnati da alcuna informazione personale aggiuntiva e vengono utilizzati per ricavare informazioni statistiche anonime sull\u2019uso del sito, esigenze di controllo delle modalit\u00e0 di utilizzo dello stesso; nonch\u00e9 per l\u2019accertamento di responsabilit\u00e0 in caso di ipotetici reati informatici.<\/p>\n<p><strong><i>Dati forniti volontariamente dall\u2019utente<\/i><\/strong> Qualora gli utenti\/visitatori, collegandosi a questo sito, inviino propri dati personali per accedere a determinati servizi, ovvero per effettuare richieste in posta elettronica, sono consapevoli che ci\u00f2 comporta l\u2019acquisizione da parte del Titolare dell\u2019indirizzo del mittente e\/o di altri eventuali dati personali che verranno trattati esclusivamente per rispondere alla richiesta, ovvero per la fornitura del servizio. I dati personali forniti dagli utenti\/visitatori verranno comunicati a terzi solo nel caso in cui la comunicazione sia necessaria per ottemperare alle richieste degli utenti\/visitatori medesimi o per obbligo di legge (come nel caso di fatturazione).<\/p>\n<p><strong><i>Cookies<\/i><\/strong> Oltre ai dati espressamente conferiti al Titolare potranno essere registrati altri dati derivanti dalla navigazione da parte dell\u2019utente sul sito: quando l\u2019utente vi accede, infatti, il sito pu\u00f2 inviare all\u2019utente un \u201ccookie\u201d. Un \u201ccookie\u201d \u00e8 un piccolo file di testo che il sito pu\u00f2 automaticamente inviare al computer dell\u2019utente quando egli visualizza le nostre pagine. I \u201ccookies\u201d servono a rendere pi\u00f9 comoda la navigazione, oltre che per ottenere informazioni sulla navigazione del singolo utente all\u2019interno del sito e per permettere il funzionamento di alcuni servizi che richiedono l\u2019identificazione del percorso dell\u2019utente attraverso diverse pagine del sito. Per qualsiasi accesso al sito, indipendentemente dalla presenza di un \u201ccookie\u201d, il Sito registra il tipo di browser (es. Internet explorer, chrome, Firefox), il sistema operativo (es. Windows, macintosh) e l\u2019host e l\u2019URL di provenienza dell\u2019utente-navigatore, oltre ai dati sulla pagina richiesta. Questi dati possono essere utilizzati in forma aggregata ed anonima per analisi statistiche sull\u2019utilizzo del sito. Per la gestione completa dei cookies, consulta pagina \u201ccookie policy\u201d di questo sito<\/p>\n<h3>3. FINALIT\u00c0 DEL TRATTAMENTO<\/h3>\n<p>Oltre a quelle indicate nelle singole informative che precedono la compilazione dei form delle diverse sezioni del sito, le finalit\u00e0 del trattamento svolto dal titolare devono intendersi quali:<\/p>\n<ul>\n<li>raccolta, conservazione ed elaborazione ai fini dell\u2019instaurazione e gestione operativa ed amministrativa del rapporto contrattuale connesso all\u2019erogazione del servizio offerto sul sito;<\/li>\n<li>utilizzo dei dati personali dell\u2019utente (in particolare indirizzo mail) per effettuare comunicazioni relative allo svolgimento del rapporto contrattuale instaurato;<\/li>\n<li>elaborazione dei dati personali forniti e quelli desunti dalle navigazioni sul sito allo scopo di erogare un servizio coerente con le indicazioni tramesse durante l\u2019utilizzo del servizio;<\/li>\n<li>raccolta, conservazione ed elaborazione dei dati per compiere analisi statistiche in forma anonima e\/o aggregata;<\/li>\n<li>finalit\u00e0 funzionali allo svolgimento della nostra attivit\u00e0, quali offerta di contenuti personalizzati quali ad esempio servizi di newsletter;<\/li>\n<li>per la comunicazione di informazioni commerciali su future iniziative, di annunci di nuovi prodotti o servizi;<\/li>\n<li>per ricerche di mercato, analisi statistiche ed economiche;<\/li>\n<li>per l\u2019invio di materiale pubblicitario o promozionale e per l\u2019esecuzione di giochi a premio, di iniziative promozionali in genere.<\/li>\n<\/ul>\n<p>I dati personali saranno altres\u00ec trattati, anche senza suo consenso al fine di: adempiere agli obblighi previsti in ambito fiscale e contabile; adempiere agli obblighi previsti dalla legge, da un regolamento, dalla normativa comunitaria o da un ordine dell\u2019autorit\u00e0; prevenzione o scoperta di attivit\u00e0 fraudolente o abusi dannosi per il sito web; esercizio dei diritti del Titolare, quali ad esempio la difesa in giudizio.<\/p>\n<h3>4. BASE GIURIDICA<\/h3>\n<p>La base giuridica del trattamento dei dati dei clienti svolto dal titolare tramite il sito in epigrafe indicato consiste nel contratto stipulato con gli Interessati, mentre, in mancanza di esso la base giuridica \u00e8 da rinvenirsi nel legittimo interesse del Titolare alla libera iniziativa economica di cui all\u2019art. 41 cost. Per quanto concerne le finalit\u00e0 ulteriori che necessitano di consenso, esso verr\u00e0 richiesto in apposito modulo e parimenti dovr\u00e0 ritenersi quale valida base giuridica.<\/p>\n<h3>5. DESTINATARI<\/h3>\n<p>Oltre al titolare, in alcuni casi, potrebbero avere accesso ai dati categorie di Responsabili e soggetti autorizzati coinvolti nell\u2019organizzazione aziendale del Sito (personale amministrativo, commerciale, marketing, legali, amministratori di sistema). Inoltre il Titolare potr\u00e0 avvalersi di soggetti esterni (come fornitori di servizi tecnici terzi, trasportatori, hosting provider, cloud service, societ\u00e0 informatiche, agenzie di comunicazione) che potranno essere nominati responsabili esterni. L\u2019elenco aggiornato dei responsabili potr\u00e0 sempre essere richiesto al Titolare del Trattamento, rivolgendosi all\u2019indirizzo indicato sopra.<\/p>\n<h3>6. MODALIT\u00c0 DI TRATTAMENTO DEI DATI<\/h3>\n<p>I dati personali vengono raccolti con procedimenti automatizzati (ad es. utilizzando procedure e supporti elettronici) e\/o manualmente per il tempo strettamente necessario a conseguire gli scopi per i quali i dati sono stati raccolti e, comunque, in conformit\u00e0 alle disposizioni normative vigenti in materia. I dati personali verranno trattati all\u2019interno dell\u2019Unione europea. I dati trattati dal Titolare non saranno mai diffusi.<\/p>\n<h3>7. CONSERVAZIONE DEI DATI<\/h3>\n<p>I dati personali verranno trattati e conservati per il tempo necessario per la realizzazione delle finalit\u00e0 per cui sono stati raccolti e in particolare, per le finalit\u00e0 afferenti alla gestione del contratto, i dati saranno conservati per tutta la vigenza dello stesso e, successivamente, per il tempo in cui il titolare sia soggetto ad obblighi di conservazione per finalit\u00e0 fiscali o per altre finalit\u00e0 previste da norme di legge o regolamento. I dati saranno, in ogni caso, conservati per il periodo di tempo massimo di 10 anni decorrenti dalla fine del contratto, sulla base del termine di prescrizione ordinario previsto dal codice civile. I dati personali verranno conservati per il tempo strettamente necessario a conseguire gli scopi per cui sono raccolti e sottoposti a trattamento. Una volta esaurita la finalit\u00e0 del trattamento, ovvero in caso di esercizio del diritto di opposizione al trattamento o di revoca del consenso prestato, il titolare sar\u00e0 comunque legittimato a conservare ulteriormente ai dati personali in tutto o in parte, per le finalit\u00e0 permesse dal GDPR (quali ad esempio l\u2019esigenza di far valere un diritto in sede giudiziale). Decorso tale termine i dati saranno cancellati o resi in forma anonima.<\/p>\n<h3>8. FACOLTATIVIT\u00c0 O OBBLIGATORIET\u00c0 DEL CONFERIMENTO DEI DATI<\/h3>\n<p>A parte quanto specificato per i dati di navigazione che acquisiscono i dati automaticamente, gli utenti\/visitatori sono liberi di fornire i propri dati personali o non fornirli. Il loro mancato conferimento pu\u00f2 comportare unicamente l\u2019impossibilit\u00e0 di ottenere quanto richiesto.<\/p>\n<h3>9. DIRITTI DELL\u2019INTERESSATO<\/h3>\n<p>I soggetti cui si riferiscono i dati personali hanno il diritto in qualunque momento ai sensi del GDPR di ottenere la conferma dell\u2019esistenza o meno dei medesimi dati e di conoscerne il contenuto e l\u2019origine, verificarne l\u2019esattezza o chiederne l\u2019integrazione o l\u2019aggiornamento oppure la rettificazione. In relazione al trattamento dei predetti dati l\u2019articolo 7 GDPR le riconosce il diritto di ottenere dal Titolare<\/p>\n<ul>\n<li>la conferma dell\u2019esistenza o meno dei suoi dati personali, la loro comunicazione in forma intellegibile e la conoscenza della loro origine, nonch\u00e9 della logica su cui si basa il trattamento;<\/li>\n<li>la cancellazione entro congruo termine dei suoi dati, la loro trasformazione in forma anonima o il blocco di quelli trattati in violazione di legge;<\/li>\n<li>l\u2019aggiornamento dei dati la loro rettificazione o quando via abbia interesse la loro integrazione;<\/li>\n<li>l\u2019attestazione che le operazioni di cui ai punti precedenti siano state portare a conoscenza di coloro ai quali sono stati comunicati, sempre che non risulti impossibile o comporti un impiego di mezzi sproporzionato.<\/li>\n<\/ul>\n<p>Il Cliente ha diritto di revocare il consenso relativo ai trattamenti facoltativi e non connessi all\u2019esecuzione del contratto sottoscritto con il titolare. Il Cliente ha inoltre diritto di opporsi per motivi legittimi al trattamento dei dati personali che lo riguardano, anche se pertinenti allo scopo della raccolta, di chiederne la portabilit\u00e0, di esercitare il diritto all\u2019oblio, nonch\u00e9 di rivolgersi all\u2019Autorit\u00e0 di controllo competente in materia di protezione dei dati personali per qualsiasi violazione ritenga di aver subito e che per l\u2019Italia \u00e8 il Garante per la protezione dei dati personali via e mail all\u2019indirizzo garante@gpdp.it via fax al n. 06 696773785 oppure via posta al Garante per la protezione dei dati personali che ha sede a Roma, Piazza di Monte Citorio, 121, cap 00186; Il Titolare provveder\u00e0 a riscontrare l\u2019utente nel pi\u00f9 breve tempo possibile, in ogni caso entro un mese, fatto salvo il diritto dell\u2019utente in caso di violazione di proporre reclamo all\u2019autorit\u00e0 designata.<\/p>\n<h3>10. MODALIT\u00c0 DI ESERCIZIO DEI DIRITTI<\/h3>\n<p>\u00c8 possibile in qualsiasi momento esercitare diritti inviando:<\/p>\n<ul>\n<li>una raccomandata a.r. al Titolare;<\/li>\n<li>una email all\u2019indirizzo del Titolare;<\/li>\n<li>una pec all\u2019indirizzo del Titolare<\/li>\n<\/ul>\n<p>Il Titolare provveder\u00e0 a riscontrare l\u2019utente entro 30 giorni, fatto salvo il diritto di quest\u2019ultimo di presentare reclamo all\u2019autorit\u00e0 designata in caso di violazione.<\/p>\n<h3>11. MODIFICHE ALLA PRIVACY POLICY<\/h3>\n<p>Il titolare si riserva il diritto di apportare modifiche alla privacy policy e all\u2019informativa in qualunque momento dandone informazione agli utenti a mezzo pubblicazione sul sito e, se in possesso di indirizzo di posta elettronica, a mezzo mail. Qualora le modifiche interessino trattamenti la cui base giuridica \u00e8 il consenso, il titolare provveder\u00e0 a raccogliere nuovamente il consenso dell\u2019utente se necessario.[\/vc_column_text][\/vc_column][\/vc_row]<\/p>\n<\/div>","protected":false},"excerpt":{"rendered":"<p>[vc_row][vc_column][vc_column_text] Privacy policy La presente Privacy Policy ha lo scopo di descrivere le modalit\u00e0 di gestione del Sito www.hoteltreponti.it, in riferimento al trattamento dei dati personali degli utenti\/visitatori che lo consultano. Il presente documento riguarda unicamente il sito web sopra citato, non anche ulteriori siti visitabili attraverso link ivi contenuti e contiene informazioni rese agli&hellip;<\/p>\n","protected":false},"author":1,"featured_media":0,"parent":0,"menu_order":0,"comment_status":"closed","ping_status":"closed","template":"","meta":{"footnotes":""},"class_list":["post-1640","page","type-page","status-publish","hentry","description-off"],"yoast_head":"<!-- This site is optimized with the Yoast SEO plugin v27.3 - https:\/\/yoast.com\/product\/yoast-seo-wordpress\/ -->\n<title>Privacy Policy - Hotel Tre Ponti<\/title>\n<meta name=\"robots\" content=\"index, follow, max-snippet:-1, max-image-preview:large, max-video-preview:-1\" \/>\n<link rel=\"canonical\" href=\"https:\/\/www.hoteltreponti.it\/en\/privacy-policy\/\" \/>\n<meta property=\"og:locale\" content=\"en_US\" \/>\n<meta property=\"og:type\" content=\"article\" \/>\n<meta property=\"og:title\" content=\"Privacy Policy - Hotel Tre Ponti\" \/>\n<meta property=\"og:description\" content=\"[vc_row][vc_column][vc_column_text] Privacy policy La presente Privacy Policy ha lo scopo di descrivere le modalit\u00e0 di gestione del Sito www.hoteltreponti.it, in riferimento al trattamento dei dati personali degli utenti\/visitatori che lo consultano. Il presente documento riguarda unicamente il sito web sopra citato, non anche ulteriori siti visitabili attraverso link ivi contenuti e contiene informazioni rese agli&hellip;\" \/>\n<meta property=\"og:url\" content=\"https:\/\/www.hoteltreponti.it\/en\/privacy-policy\/\" \/>\n<meta property=\"og:site_name\" content=\"Hotel Tre Ponti\" \/>\n<meta property=\"article:modified_time\" content=\"2019-10-11T09:00:46+00:00\" \/>\n<meta name=\"twitter:card\" content=\"summary_large_image\" \/>\n<meta name=\"twitter:label1\" content=\"Est. reading time\" \/>\n\t<meta name=\"twitter:data1\" content=\"9 minutes\" \/>\n<script type=\"application\/ld+json\" class=\"yoast-schema-graph\">{\"@context\":\"https:\\\/\\\/schema.org\",\"@graph\":[{\"@type\":\"WebPage\",\"@id\":\"https:\\\/\\\/www.hoteltreponti.it\\\/en\\\/privacy-policy\\\/\",\"url\":\"https:\\\/\\\/www.hoteltreponti.it\\\/en\\\/privacy-policy\\\/\",\"name\":\"Privacy Policy - Hotel Tre Ponti\",\"isPartOf\":{\"@id\":\"https:\\\/\\\/www.hoteltreponti.it\\\/#website\"},\"datePublished\":\"2019-10-11T09:00:27+00:00\",\"dateModified\":\"2019-10-11T09:00:46+00:00\",\"breadcrumb\":{\"@id\":\"https:\\\/\\\/www.hoteltreponti.it\\\/en\\\/privacy-policy\\\/#breadcrumb\"},\"inLanguage\":\"en-US\",\"potentialAction\":[{\"@type\":\"ReadAction\",\"target\":[\"https:\\\/\\\/www.hoteltreponti.it\\\/en\\\/privacy-policy\\\/\"]}]},{\"@type\":\"BreadcrumbList\",\"@id\":\"https:\\\/\\\/www.hoteltreponti.it\\\/en\\\/privacy-policy\\\/#breadcrumb\",\"itemListElement\":[{\"@type\":\"ListItem\",\"position\":1,\"name\":\"Home\",\"item\":\"https:\\\/\\\/www.hoteltreponti.it\\\/en\\\/\"},{\"@type\":\"ListItem\",\"position\":2,\"name\":\"Privacy Policy\"}]},{\"@type\":\"WebSite\",\"@id\":\"https:\\\/\\\/www.hoteltreponti.it\\\/#website\",\"url\":\"https:\\\/\\\/www.hoteltreponti.it\\\/\",\"name\":\"Hotel Tre Ponti\",\"description\":\"Primiero - Trentino\",\"publisher\":{\"@id\":\"https:\\\/\\\/www.hoteltreponti.it\\\/#organization\"},\"potentialAction\":[{\"@type\":\"SearchAction\",\"target\":{\"@type\":\"EntryPoint\",\"urlTemplate\":\"https:\\\/\\\/www.hoteltreponti.it\\\/?s={search_term_string}\"},\"query-input\":{\"@type\":\"PropertyValueSpecification\",\"valueRequired\":true,\"valueName\":\"search_term_string\"}}],\"inLanguage\":\"en-US\"},{\"@type\":\"Organization\",\"@id\":\"https:\\\/\\\/www.hoteltreponti.it\\\/#organization\",\"name\":\"Hotel Tre Ponti - San Martino Di Castrozza\",\"url\":\"https:\\\/\\\/www.hoteltreponti.it\\\/\",\"logo\":{\"@type\":\"ImageObject\",\"inLanguage\":\"en-US\",\"@id\":\"https:\\\/\\\/www.hoteltreponti.it\\\/#\\\/schema\\\/logo\\\/image\\\/\",\"url\":\"https:\\\/\\\/www.hoteltreponti.it\\\/wp-content\\\/uploads\\\/2019\\\/05\\\/hotel-3-ponti-sc.png\",\"contentUrl\":\"https:\\\/\\\/www.hoteltreponti.it\\\/wp-content\\\/uploads\\\/2019\\\/05\\\/hotel-3-ponti-sc.png\",\"width\":150,\"height\":106,\"caption\":\"Hotel Tre Ponti - San Martino Di Castrozza\"},\"image\":{\"@id\":\"https:\\\/\\\/www.hoteltreponti.it\\\/#\\\/schema\\\/logo\\\/image\\\/\"}}]}<\/script>\n<!-- \/ Yoast SEO plugin. -->","yoast_head_json":{"title":"Privacy Policy - Hotel Tre Ponti","robots":{"index":"index","follow":"follow","max-snippet":"max-snippet:-1","max-image-preview":"max-image-preview:large","max-video-preview":"max-video-preview:-1"},"canonical":"https:\/\/www.hoteltreponti.it\/en\/privacy-policy\/","og_locale":"en_US","og_type":"article","og_title":"Privacy Policy - Hotel Tre Ponti","og_description":"[vc_row][vc_column][vc_column_text] Privacy policy La presente Privacy Policy ha lo scopo di descrivere le modalit\u00e0 di gestione del Sito www.hoteltreponti.it, in riferimento al trattamento dei dati personali degli utenti\/visitatori che lo consultano. Il presente documento riguarda unicamente il sito web sopra citato, non anche ulteriori siti visitabili attraverso link ivi contenuti e contiene informazioni rese agli&hellip;","og_url":"https:\/\/www.hoteltreponti.it\/en\/privacy-policy\/","og_site_name":"Hotel Tre Ponti","article_modified_time":"2019-10-11T09:00:46+00:00","twitter_card":"summary_large_image","twitter_misc":{"Est. reading time":"9 minutes"},"schema":{"@context":"https:\/\/schema.org","@graph":[{"@type":"WebPage","@id":"https:\/\/www.hoteltreponti.it\/en\/privacy-policy\/","url":"https:\/\/www.hoteltreponti.it\/en\/privacy-policy\/","name":"Privacy Policy - Hotel Tre Ponti","isPartOf":{"@id":"https:\/\/www.hoteltreponti.it\/#website"},"datePublished":"2019-10-11T09:00:27+00:00","dateModified":"2019-10-11T09:00:46+00:00","breadcrumb":{"@id":"https:\/\/www.hoteltreponti.it\/en\/privacy-policy\/#breadcrumb"},"inLanguage":"en-US","potentialAction":[{"@type":"ReadAction","target":["https:\/\/www.hoteltreponti.it\/en\/privacy-policy\/"]}]},{"@type":"BreadcrumbList","@id":"https:\/\/www.hoteltreponti.it\/en\/privacy-policy\/#breadcrumb","itemListElement":[{"@type":"ListItem","position":1,"name":"Home","item":"https:\/\/www.hoteltreponti.it\/en\/"},{"@type":"ListItem","position":2,"name":"Privacy Policy"}]},{"@type":"WebSite","@id":"https:\/\/www.hoteltreponti.it\/#website","url":"https:\/\/www.hoteltreponti.it\/","name":"Hotel Tre Ponti","description":"Primiero - Trentino","publisher":{"@id":"https:\/\/www.hoteltreponti.it\/#organization"},"potentialAction":[{"@type":"SearchAction","target":{"@type":"EntryPoint","urlTemplate":"https:\/\/www.hoteltreponti.it\/?s={search_term_string}"},"query-input":{"@type":"PropertyValueSpecification","valueRequired":true,"valueName":"search_term_string"}}],"inLanguage":"en-US"},{"@type":"Organization","@id":"https:\/\/www.hoteltreponti.it\/#organization","name":"Hotel Tre Ponti - San Martino Di Castrozza","url":"https:\/\/www.hoteltreponti.it\/","logo":{"@type":"ImageObject","inLanguage":"en-US","@id":"https:\/\/www.hoteltreponti.it\/#\/schema\/logo\/image\/","url":"https:\/\/www.hoteltreponti.it\/wp-content\/uploads\/2019\/05\/hotel-3-ponti-sc.png","contentUrl":"https:\/\/www.hoteltreponti.it\/wp-content\/uploads\/2019\/05\/hotel-3-ponti-sc.png","width":150,"height":106,"caption":"Hotel Tre Ponti - San Martino Di Castrozza"},"image":{"@id":"https:\/\/www.hoteltreponti.it\/#\/schema\/logo\/image\/"}}]}},"_links":{"self":[{"href":"https:\/\/www.hoteltreponti.it\/en\/wp-json\/wp\/v2\/pages\/1640","targetHints":{"allow":["GET"]}}],"collection":[{"href":"https:\/\/www.hoteltreponti.it\/en\/wp-json\/wp\/v2\/pages"}],"about":[{"href":"https:\/\/www.hoteltreponti.it\/en\/wp-json\/wp\/v2\/types\/page"}],"author":[{"embeddable":true,"href":"https:\/\/www.hoteltreponti.it\/en\/wp-json\/wp\/v2\/users\/1"}],"replies":[{"embeddable":true,"href":"https:\/\/www.hoteltreponti.it\/en\/wp-json\/wp\/v2\/comments?post=1640"}],"version-history":[{"count":1,"href":"https:\/\/www.hoteltreponti.it\/en\/wp-json\/wp\/v2\/pages\/1640\/revisions"}],"predecessor-version":[{"id":1641,"href":"https:\/\/www.hoteltreponti.it\/en\/wp-json\/wp\/v2\/pages\/1640\/revisions\/1641"}],"wp:attachment":[{"href":"https:\/\/www.hoteltreponti.it\/en\/wp-json\/wp\/v2\/media?parent=1640"}],"curies":[{"name":"wp","href":"https:\/\/api.w.org\/{rel}","templated":true}]}}