{"id":1632,"date":"2019-10-11T10:49:38","date_gmt":"2019-10-11T08:49:38","guid":{"rendered":"https:\/\/www.hoteltreponti.it\/?page_id=1632"},"modified":"2019-10-11T10:49:38","modified_gmt":"2019-10-11T08:49:38","slug":"privacy-informative","status":"publish","type":"page","link":"https:\/\/www.hoteltreponti.it\/en\/privacy-informative\/","title":{"rendered":"Privacy informative"},"content":{"rendered":"<div class=\"wpb-content-wrapper\"><p>[vc_row][vc_column][vc_column_text]<\/p>\n<h3>1. Chi \u00e8 il titolare del trattamento?<\/h3>\n<p>Il \u201cTitolare\u201d del trattamento \u00e8 la societ\u00e0 Gheris srls (P. Iva IT025445702225), con sede legale in Via Sorelle Lucian n. 39\/41 &#8211; 38054 Primiero San Martino di Castrozza (TN). Il titolare pu\u00f2 essere contattato a mezzo di raccomandata a.r. od utilizzando l&#8217;indirizzo di posta elettronica informazioni@hoteltreponti.it o la PEC gheris@pec.it. Possono assumere il ruolo di autonomi titolari del trattamento gli eventuali siti partner che di volta in volta partecipano alle attivit\u00e0 di trattamento dei dati in maniera autonoma.<\/p>\n<h3>2. Quali dati sono trattati?<\/h3>\n<p><strong><i>Dati di navigazione<\/i><\/strong><br \/>\nI sistemi informatici e le procedure software preposte al funzionamento di questo sito acquisiscono, nel normale esercizio, alcuni dati personali che vengono poi trasmessi implicitamente nell&#8217;uso dei protocolli di comunicazione Internet. Si tratta di informazioni che per loro natura potrebbero, mediante associazioni ed elaborazioni con dati detenuti da terzi, permettere di identificare gli utenti\/visitatori (ad es. indirizzo IP, nomi di domini dei computer utilizzati dagli utenti\/visitatori che si collegano al sito, ecc.). Questi dati vengono utilizzati solo per informazioni di tipo statistico e per controllare il corretto funzionamento del sito. I dati sui contatti web non vengono conservati, comunque, per pi\u00f9 di sette giorni, salvo eventuali accertamenti di reati informatici ai danni del sito. Nessun dato derivante dal servizio web verr\u00e0 comunicato o diffuso.<\/p>\n<p><strong><i>Dati forniti volontariamente dall&#8217;utente<\/i><\/strong><br \/>\nQualora gli utenti\/visitatori, collegandosi a questo sito, inviino propri dati personali per accedere a determinati servizi, ovvero per effettuare richieste in posta elettronica, anche mediante l&#8217;invio di CV, sono consapevoli che ci\u00f2 comporta l&#8217;acquisizione da parte del Titolare dell&#8217;indirizzo del mittente e\/o di altri eventuali dati personali che verranno trattati esclusivamente per rispondere alla richiesta, ovvero per la fornitura del servizio. I dati personali forniti dagli utenti\/visitatori verranno comunicati a terzi solo nel caso in cui la comunicazione sia necessaria per ottemperare alle richieste degli utenti\/visitatori medesimi o per obbligo di legge (come nel caso di fatturazione, o di eventuale assunzione a seguito di invio CV).<\/p>\n<p><strong><i>Cookies<\/i><\/strong><br \/>\nOltre ai dati espressamente conferiti al Titolare potranno essere registrati altri dati derivanti dalla navigazione da parte dell&#8217;utente sul sito: quando l&#8217;utente vi accede, infatti, il sito pu\u00f2 inviare all&#8217;utente un \u201ccookie\u201d. Un \u201ccookie\u201d \u00e8 un piccolo file di testo che il sito pu\u00f2 automaticamente inviare al computer dell&#8217;utente quando egli visualizza le nostre pagine. I \u201ccookies\u201d servono a rendere pi\u00f9 comoda la navigazione, oltre che per ottenere informazioni sulla navigazione del singolo utente all&#8217;interno del sito e per permettere il funzionamento di alcuni servizi che richiedono l&#8217;identificazione del percorso dell&#8217;utente attraverso diverse pagine del sito. Per qualsiasi accesso al sito, indipendentemente dalla presenza di un \u201ccookie\u201d, il Sito registra il tipo di browser (es. Internet explorer, chrome, Firefox), il sistema operativo (es. Windows, macintosh) e l&#8217;host e l&#8217;URL di provenienza dell&#8217;utente-navigatore, oltre ai dati sulla pagina richiesta. Questi dati possono essere utilizzati in forma aggregata ed anonima per analisi statistiche sull&#8217;utilizzo del sito. Per la gestione completa dei cookies, consulta pagina \u201ccookie policy\u201d di questo sito.<\/p>\n<h3>3. Per quali finalit\u00e0 vengono trattati?<\/h3>\n<p>Oltre a quelle indicate nelle singole informative che precedono la compilazione dei form delle diverse sezioni del sito, le finalit\u00e0 del trattamento svolto dal titolare devono intendersi quali:<\/p>\n<ol>\n<li>raccolta, conservazione ed elaborazione ai fini dell&#8217;instaurazione e gestione operativa ed amministrativa del rapporto contrattuale connesso all&#8217;erogazione del servizio offerto sul sito;<\/li>\n<li>utilizzo dei dati personali dell&#8217;utente (in particolare indirizzo mail) per effettuare comunicazioni relative allo svolgimento del rapporto contrattuale instaurato;<\/li>\n<li>elaborazione dei dati personali forniti e quelli desunti dalle navigazioni sul sito allo scopo di erogare un servizio coerente con le indicazioni trasmesse durante l&#8217;utilizzo del servizio;<\/li>\n<li>raccolta, conservazione ed elaborazione dei dati per compiere analisi statistiche in forma anonima e\/o aggregata;<\/li>\n<li>finalit\u00e0 funzionali allo svolgimento della nostra attivit\u00e0, quali offerta di contenuti personalizzati quali ad esempio servizi di newsletter;<\/li>\n<li>per la comunicazione di informazioni commerciali su future iniziative, di annunci di nuovi prodotti o servizi;<\/li>\n<li>per ricerche di mercato, analisi statistiche ed economiche;<\/li>\n<li>per l&#8217;invio di materiale pubblicitario o promozionale e per l&#8217;esecuzione di giochi a premio, di iniziative promozionali in genere.<\/li>\n<\/ol>\n<p>I dati personali saranno altres\u00ec trattati, anche senza suo consenso al fine di: adempiere agli obblighi previsti in ambito fiscale e contabile; adempiere agli obblighi previsti dalla legge, da un regolamento, dalla normativa comunitaria o da un ordine dell&#8217;autorit\u00e0; prevenzione o scoperta di attivit\u00e0 fraudolente o abusi dannosi per il sito web; esercizio dei diritti del Titolare, quali ad esempio la difesa in giudizio.<\/p>\n<h3>4. Su quale base giuridica vengono trattati i dati?<\/h3>\n<p>La base giuridica del trattamento dei dati dei clienti svolto dal titolare tramite il sito in epigrafe indicato consiste nella richiesta, nel contratto o nelle intese precontrattuali intercorrenti con l&#8217;interessato, mentre, in mancanza di esso la base giuridica \u00e8 da rinvenirsi nel legittimo interesse del Titolare alla libera iniziativa economica di cui all&#8217;art. 41 cost. Per quanto concerne le finalit\u00e0 ulteriori che necessitano di consenso, esso viene richiesto nell&#8217;apposita sezione \u201cInformativa e consensi privacy\u201d e parimenti dovr\u00e0 ritenersi quale valida base giuridica dell&#8217;ulteriore trattamento del dato.<\/p>\n<h3>5. A chi vengono comunicati i dati?<\/h3>\n<p>Oltre al titolare, in alcuni casi, potrebbero avere accesso ai dati categorie di Responsabili e soggetti autorizzati coinvolti nell&#8217;organizzazione aziendale del Sito (personale amministrativo, commerciale, marketing, legali, amministratori di sistema). Inoltre, il Titolare potr\u00e0 avvalersi di soggetti esterni (come fornitori di servizi tecnici terzi, trasportatori, hosting provider, cloud service, societ\u00e0 informatiche, agenzie di comunicazione) che potranno essere nominati responsabili esterni. L&#8217;elenco aggiornato dei responsabili potr\u00e0 sempre essere richiesto al Titolare del Trattamento, rivolgendosi all&#8217;indirizzo indicato sopra.<\/p>\n<h3>6. Come vengono trattati i dati?<\/h3>\n<p>I dati personali vengono raccolti con procedimenti automatizzati (ad es. utilizzando procedure e supporti elettronici) e\/o manualmente per il tempo strettamente necessario a conseguire gli scopi per i quali i dati sono stati raccolti e, comunque, in conformit\u00e0 alle disposizioni normative vigenti in materia. I dati personali verranno trattati all&#8217;interno dell&#8217;Unione europea. I dati trattati dal Titolare non saranno mai diffusi.<\/p>\n<h3>7. Dove vengono trattati i dati?<\/h3>\n<p>I trattamenti connessi ai servizi web di questo sito hanno luogo presso la predetta sede del Titolare e sono curati solo da personale tecnico dell&#8217;ufficio incaricato del trattamento. In caso di necessit\u00e0, i dati connessi al servizio newsletter possono essere trattati dal personale della societ\u00e0 che gestisce il Data Center, presso la sede della societ\u00e0 medesima.<\/p>\n<h3>8. Per quanto tempo saranno conservati i suoi dati?<\/h3>\n<p>I dati personali verranno trattati e conservati per il tempo necessario per la realizzazione delle finalit\u00e0 per cui sono stati raccolti e in particolare, per le finalit\u00e0 afferenti alla gestione del contratto, i dati saranno conservati per tutta la vigenza dello stesso e, successivamente, per il tempo in cui il titolare sia soggetto ad obblighi di conservazione per finalit\u00e0 fiscali o per altre finalit\u00e0 previste da norme di legge o regolamento. I dati saranno, in ogni caso, conservati per il periodo di tempo massimo di 10 anni decorrenti dalla fine del contratto, sulla base del termine di prescrizione ordinario previsto dal codice civile.<\/p>\n<h3>9. Il conferimento dei dati \u00e8 obbligatorio?<\/h3>\n<p>A parte quanto specificato per i dati di navigazione che acquisiscono i dati automaticamente, gli utenti\/visitatori sono liberi di fornire i propri dati personali o non fornirli. Il loro mancato conferimento pu\u00f2 comportare unicamente l&#8217;impossibilit\u00e0 di ottenere quanto richiesto.<\/p>\n<h3>10. Quali sono i diritti dell&#8217;interessato?<\/h3>\n<p>I soggetti cui si riferiscono i dati personali hanno il diritto in qualunque momento ai sensi del GDPR di ottenere la conferma dell&#8217;esistenza o meno dei medesimi dati e di conoscerne il contenuto e l&#8217;origine, verificarne l&#8217;esattezza o chiederne l&#8217;integrazione o l&#8217;aggiornamento oppure la rettificazione.<\/p>\n<p>In relazione al trattamento dei predetti dati l&#8217;articolo 7 GDPR le riconosce il diritto di ottenere dal Titolare<\/p>\n<ul>\n<li>la conferma dell&#8217;esistenza o meno dei suoi dati personali, la loro comunicazione in forma intellegibile e la conoscenza della loro origine, nonch\u00e9 della logica su cui si basa il trattamento;<\/li>\n<li>la cancellazione entro congruo termine dei suoi dati, la loro trasformazione in forma anonima o il blocco di quelli trattati in violazione di legge;<\/li>\n<li>l&#8217;aggiornamento dei dati la loro rettificazione o quando via abbia interesse la loro integrazione;<\/li>\n<li>l&#8217;attestazione che le operazioni di cui ai punti precedenti siano state portare a conoscenza di coloro ai quali sono stati comunicati, sempre che non risulti impossibile o comporti un impiego di mezzi sproporzionato.<\/li>\n<\/ul>\n<p>Il Cliente ha diritto di revocare il consenso relativo ai trattamenti facoltativi e non connessi all&#8217;esecuzione del contratto sottoscritto con il titolare.<\/p>\n<p>Il Cliente ha inoltre diritto di opporsi per motivi legittimi al trattamento dei dati personali che lo riguardano, anche se pertinenti allo scopo della raccolta, di chiederne la portabilit\u00e0, di esercitare il diritto all&#8217;oblio, nonch\u00e9 di rivolgersi all&#8217;Autorit\u00e0 di controllo competente in materia di protezione dei dati personali per qualsiasi violazione ritenga di aver subito e che per l&#8217;Italia \u00e8 il Garante per la protezione dei dati personali via e mail all&#8217;indirizzo garante@gpdp.it via fax al n. 06 696773785 oppure via posta al Garante per la protezione dei dati personali che ha sede a Roma, Piazza di Monte Citorio, 121, cap 00186;<\/p>\n<p>Il Titolare provveder\u00e0 a riscontrare l&#8217;utente nel pi\u00f9 breve tempo possibile, in ogni caso entro un mese, fatto salvo il diritto dell&#8217;utente in caso di violazione di proporre reclamo all&#8217;autorit\u00e0 designata.<\/p>\n<h3>11. Come possono essere esercitati?<\/h3>\n<p>E&#8217; possibile in qualsiasi momento esercitare diritti inviando:<\/p>\n<ul>\n<li>una raccomandata a.r. al Titolare;<\/li>\n<li>una email all&#8217;indirizzo del Titolare;<\/li>\n<li>una pec all&#8217;indirizzo del Titolare<\/li>\n<\/ul>\n<p>Il Titolare provveder\u00e0 a riscontrare l&#8217;utente entro 30 giorni, fatto salvo il diritto di quest&#8217;ultimo di presentare reclamo all&#8217;autorit\u00e0 designata in caso di violazione.<\/p>\n<h3>12. Modifiche all&#8217;Informativa<\/h3>\n<p>Il titolare si riserva il diritto di apportare modifiche alla privacy policy e all&#8217;informativa in qualunque momento dandone informazione agli utenti a mezzo pubblicazione sul sito e, se in possesso di indirizzo di posta elettronica, a mezzo mail.[\/vc_column_text][\/vc_column][\/vc_row]<\/p>\n<\/div>","protected":false},"excerpt":{"rendered":"<p>[vc_row][vc_column][vc_column_text] 1. Chi \u00e8 il titolare del trattamento? Il \u201cTitolare\u201d del trattamento \u00e8 la societ\u00e0 Gheris srls (P. Iva IT025445702225), con sede legale in Via Sorelle Lucian n. 39\/41 &#8211; 38054 Primiero San Martino di Castrozza (TN). Il titolare pu\u00f2 essere contattato a mezzo di raccomandata a.r. od utilizzando l&#8217;indirizzo di posta elettronica informazioni@hoteltreponti.it o&hellip;<\/p>\n","protected":false},"author":1,"featured_media":0,"parent":0,"menu_order":0,"comment_status":"closed","ping_status":"closed","template":"","meta":{"footnotes":""},"class_list":["post-1632","page","type-page","status-publish","hentry","description-off"],"yoast_head":"<!-- This site is optimized with the Yoast SEO plugin v27.3 - https:\/\/yoast.com\/product\/yoast-seo-wordpress\/ -->\n<title>Privacy informative - Hotel Tre Ponti<\/title>\n<meta name=\"robots\" content=\"index, follow, max-snippet:-1, max-image-preview:large, max-video-preview:-1\" \/>\n<link rel=\"canonical\" href=\"https:\/\/www.hoteltreponti.it\/en\/privacy-informative\/\" \/>\n<meta property=\"og:locale\" content=\"en_US\" \/>\n<meta property=\"og:type\" content=\"article\" \/>\n<meta property=\"og:title\" content=\"Privacy informative - Hotel Tre Ponti\" \/>\n<meta property=\"og:description\" content=\"[vc_row][vc_column][vc_column_text] 1. Chi \u00e8 il titolare del trattamento? Il \u201cTitolare\u201d del trattamento \u00e8 la societ\u00e0 Gheris srls (P. Iva IT025445702225), con sede legale in Via Sorelle Lucian n. 39\/41 &#8211; 38054 Primiero San Martino di Castrozza (TN). Il titolare pu\u00f2 essere contattato a mezzo di raccomandata a.r. od utilizzando l&#8217;indirizzo di posta elettronica informazioni@hoteltreponti.it o&hellip;\" \/>\n<meta property=\"og:url\" content=\"https:\/\/www.hoteltreponti.it\/en\/privacy-informative\/\" \/>\n<meta property=\"og:site_name\" content=\"Hotel Tre Ponti\" \/>\n<meta name=\"twitter:card\" content=\"summary_large_image\" \/>\n<meta name=\"twitter:label1\" content=\"Est. reading time\" \/>\n\t<meta name=\"twitter:data1\" content=\"8 minutes\" \/>\n<script type=\"application\/ld+json\" class=\"yoast-schema-graph\">{\"@context\":\"https:\\\/\\\/schema.org\",\"@graph\":[{\"@type\":\"WebPage\",\"@id\":\"https:\\\/\\\/www.hoteltreponti.it\\\/en\\\/privacy-informative\\\/\",\"url\":\"https:\\\/\\\/www.hoteltreponti.it\\\/en\\\/privacy-informative\\\/\",\"name\":\"Privacy informative - Hotel Tre Ponti\",\"isPartOf\":{\"@id\":\"https:\\\/\\\/www.hoteltreponti.it\\\/#website\"},\"datePublished\":\"2019-10-11T08:49:38+00:00\",\"breadcrumb\":{\"@id\":\"https:\\\/\\\/www.hoteltreponti.it\\\/en\\\/privacy-informative\\\/#breadcrumb\"},\"inLanguage\":\"en-US\",\"potentialAction\":[{\"@type\":\"ReadAction\",\"target\":[\"https:\\\/\\\/www.hoteltreponti.it\\\/en\\\/privacy-informative\\\/\"]}]},{\"@type\":\"BreadcrumbList\",\"@id\":\"https:\\\/\\\/www.hoteltreponti.it\\\/en\\\/privacy-informative\\\/#breadcrumb\",\"itemListElement\":[{\"@type\":\"ListItem\",\"position\":1,\"name\":\"Home\",\"item\":\"https:\\\/\\\/www.hoteltreponti.it\\\/en\\\/\"},{\"@type\":\"ListItem\",\"position\":2,\"name\":\"Privacy informative\"}]},{\"@type\":\"WebSite\",\"@id\":\"https:\\\/\\\/www.hoteltreponti.it\\\/#website\",\"url\":\"https:\\\/\\\/www.hoteltreponti.it\\\/\",\"name\":\"Hotel Tre Ponti\",\"description\":\"Primiero - Trentino\",\"publisher\":{\"@id\":\"https:\\\/\\\/www.hoteltreponti.it\\\/#organization\"},\"potentialAction\":[{\"@type\":\"SearchAction\",\"target\":{\"@type\":\"EntryPoint\",\"urlTemplate\":\"https:\\\/\\\/www.hoteltreponti.it\\\/?s={search_term_string}\"},\"query-input\":{\"@type\":\"PropertyValueSpecification\",\"valueRequired\":true,\"valueName\":\"search_term_string\"}}],\"inLanguage\":\"en-US\"},{\"@type\":\"Organization\",\"@id\":\"https:\\\/\\\/www.hoteltreponti.it\\\/#organization\",\"name\":\"Hotel Tre Ponti - San Martino Di Castrozza\",\"url\":\"https:\\\/\\\/www.hoteltreponti.it\\\/\",\"logo\":{\"@type\":\"ImageObject\",\"inLanguage\":\"en-US\",\"@id\":\"https:\\\/\\\/www.hoteltreponti.it\\\/#\\\/schema\\\/logo\\\/image\\\/\",\"url\":\"https:\\\/\\\/www.hoteltreponti.it\\\/wp-content\\\/uploads\\\/2019\\\/05\\\/hotel-3-ponti-sc.png\",\"contentUrl\":\"https:\\\/\\\/www.hoteltreponti.it\\\/wp-content\\\/uploads\\\/2019\\\/05\\\/hotel-3-ponti-sc.png\",\"width\":150,\"height\":106,\"caption\":\"Hotel Tre Ponti - San Martino Di Castrozza\"},\"image\":{\"@id\":\"https:\\\/\\\/www.hoteltreponti.it\\\/#\\\/schema\\\/logo\\\/image\\\/\"}}]}<\/script>\n<!-- \/ Yoast SEO plugin. -->","yoast_head_json":{"title":"Privacy informative - Hotel Tre Ponti","robots":{"index":"index","follow":"follow","max-snippet":"max-snippet:-1","max-image-preview":"max-image-preview:large","max-video-preview":"max-video-preview:-1"},"canonical":"https:\/\/www.hoteltreponti.it\/en\/privacy-informative\/","og_locale":"en_US","og_type":"article","og_title":"Privacy informative - Hotel Tre Ponti","og_description":"[vc_row][vc_column][vc_column_text] 1. Chi \u00e8 il titolare del trattamento? Il \u201cTitolare\u201d del trattamento \u00e8 la societ\u00e0 Gheris srls (P. Iva IT025445702225), con sede legale in Via Sorelle Lucian n. 39\/41 &#8211; 38054 Primiero San Martino di Castrozza (TN). Il titolare pu\u00f2 essere contattato a mezzo di raccomandata a.r. od utilizzando l&#8217;indirizzo di posta elettronica informazioni@hoteltreponti.it o&hellip;","og_url":"https:\/\/www.hoteltreponti.it\/en\/privacy-informative\/","og_site_name":"Hotel Tre Ponti","twitter_card":"summary_large_image","twitter_misc":{"Est. reading time":"8 minutes"},"schema":{"@context":"https:\/\/schema.org","@graph":[{"@type":"WebPage","@id":"https:\/\/www.hoteltreponti.it\/en\/privacy-informative\/","url":"https:\/\/www.hoteltreponti.it\/en\/privacy-informative\/","name":"Privacy informative - Hotel Tre Ponti","isPartOf":{"@id":"https:\/\/www.hoteltreponti.it\/#website"},"datePublished":"2019-10-11T08:49:38+00:00","breadcrumb":{"@id":"https:\/\/www.hoteltreponti.it\/en\/privacy-informative\/#breadcrumb"},"inLanguage":"en-US","potentialAction":[{"@type":"ReadAction","target":["https:\/\/www.hoteltreponti.it\/en\/privacy-informative\/"]}]},{"@type":"BreadcrumbList","@id":"https:\/\/www.hoteltreponti.it\/en\/privacy-informative\/#breadcrumb","itemListElement":[{"@type":"ListItem","position":1,"name":"Home","item":"https:\/\/www.hoteltreponti.it\/en\/"},{"@type":"ListItem","position":2,"name":"Privacy informative"}]},{"@type":"WebSite","@id":"https:\/\/www.hoteltreponti.it\/#website","url":"https:\/\/www.hoteltreponti.it\/","name":"Hotel Tre Ponti","description":"Primiero - Trentino","publisher":{"@id":"https:\/\/www.hoteltreponti.it\/#organization"},"potentialAction":[{"@type":"SearchAction","target":{"@type":"EntryPoint","urlTemplate":"https:\/\/www.hoteltreponti.it\/?s={search_term_string}"},"query-input":{"@type":"PropertyValueSpecification","valueRequired":true,"valueName":"search_term_string"}}],"inLanguage":"en-US"},{"@type":"Organization","@id":"https:\/\/www.hoteltreponti.it\/#organization","name":"Hotel Tre Ponti - San Martino Di Castrozza","url":"https:\/\/www.hoteltreponti.it\/","logo":{"@type":"ImageObject","inLanguage":"en-US","@id":"https:\/\/www.hoteltreponti.it\/#\/schema\/logo\/image\/","url":"https:\/\/www.hoteltreponti.it\/wp-content\/uploads\/2019\/05\/hotel-3-ponti-sc.png","contentUrl":"https:\/\/www.hoteltreponti.it\/wp-content\/uploads\/2019\/05\/hotel-3-ponti-sc.png","width":150,"height":106,"caption":"Hotel Tre Ponti - San Martino Di Castrozza"},"image":{"@id":"https:\/\/www.hoteltreponti.it\/#\/schema\/logo\/image\/"}}]}},"_links":{"self":[{"href":"https:\/\/www.hoteltreponti.it\/en\/wp-json\/wp\/v2\/pages\/1632","targetHints":{"allow":["GET"]}}],"collection":[{"href":"https:\/\/www.hoteltreponti.it\/en\/wp-json\/wp\/v2\/pages"}],"about":[{"href":"https:\/\/www.hoteltreponti.it\/en\/wp-json\/wp\/v2\/types\/page"}],"author":[{"embeddable":true,"href":"https:\/\/www.hoteltreponti.it\/en\/wp-json\/wp\/v2\/users\/1"}],"replies":[{"embeddable":true,"href":"https:\/\/www.hoteltreponti.it\/en\/wp-json\/wp\/v2\/comments?post=1632"}],"version-history":[{"count":1,"href":"https:\/\/www.hoteltreponti.it\/en\/wp-json\/wp\/v2\/pages\/1632\/revisions"}],"predecessor-version":[{"id":1633,"href":"https:\/\/www.hoteltreponti.it\/en\/wp-json\/wp\/v2\/pages\/1632\/revisions\/1633"}],"wp:attachment":[{"href":"https:\/\/www.hoteltreponti.it\/en\/wp-json\/wp\/v2\/media?parent=1632"}],"curies":[{"name":"wp","href":"https:\/\/api.w.org\/{rel}","templated":true}]}}