{"id":1731,"date":"2019-10-11T11:59:09","date_gmt":"2019-10-11T09:59:09","guid":{"rendered":"https:\/\/www.hoteltreponti.it\/?page_id=1731"},"modified":"2019-10-11T12:03:49","modified_gmt":"2019-10-11T10:03:49","slug":"entspannung","status":"publish","type":"page","link":"https:\/\/www.hoteltreponti.it\/de\/entspannung\/","title":{"rendered":"Entspannung"},"content":{"rendered":"<div class=\"wpb-content-wrapper\"><p>[vc_row type=&#8220;vc_default&#8220; css=&#8220;.vc_custom_1564993491844{padding-top: 10px !important;padding-bottom: 0px !important;}&#8220;][vc_column css=&#8220;.vc_custom_1564993554584{padding-bottom: 40px !important;}&#8220;]<div id=\"ultimate-heading-61826a0488912f099\" class=\"uvc-heading ult-adjust-bottom-margin ultimate-heading-61826a0488912f099 uvc-4133 \" data-hspacer=\"no_spacer\"  data-halign=\"left\" style=\"text-align:left\"><div class=\"uvc-heading-spacer no_spacer\" style=\"top\"><\/div><div class=\"uvc-main-heading ult-responsive\"  data-ultimate-target='.uvc-heading.ultimate-heading-61826a0488912f099 span'  data-responsive-json-new='{\"font-size\":\"desktop:40px;\",\"line-height\":\"desktop:45px;\"}' ><span style=\"font-family:&#039;Great Vibes&#039;;--font-weight:theme;color:#c5ab6b;\">Wellness<\/span><\/div><\/div>[vc_column_text]Sowohl die <strong>Familienzimmer<\/strong> als auch die <strong>Zimmer Relax<\/strong> haben Zugang zum integrierten <strong>Wellnesszentrummit Whirlpool<\/strong>, <strong>Sauna<\/strong> und <strong>t\u00fcrkischem Bad<\/strong>. Eine gef\u00fchlvolle Beleuchtung mit einstellbarer Intensit\u00e4t tr\u00e4gen dazu bei, den Komfort weiter zu erh\u00f6hen. Das spiegelt sich auch in den einladenden D\u00fcften von Bergkr\u00e4utern und Beerentees im Ruhebereich, mit seinen ergonomischen und bequemen Liegest\u00fchlen, wider.[\/vc_column_text][\/vc_column][\/vc_row][vc_row full_width=&#8220;stretch_row&#8220; equal_height=&#8220;yes&#8220; content_placement=&#8220;middle&#8220; bg_type=&#8220;bg_color&#8220; bg_override=&#8220;ex-full&#8220; type=&#8220;vc_default&#8220; css=&#8220;.vc_custom_1564993626397{padding-top: 50px !important;padding-bottom: 20px !important;}&#8220; bg_color_value=&#8220;rgba(163,147,124,0.1)&#8220;][vc_column width=&#8220;1\/2&#8243; css=&#8220;.vc_custom_1560184682650{padding-bottom: 30px !important;}&#8220;]<style type=\"text\/css\" data-type=\"the7_shortcodes-inline-css\">.shortcode-single-image-wrap.shortcode-single-image-d5c5d28f8427cd7ab696a23b88726f2e.enable-bg-rollover .rollover i,\n.shortcode-single-image-wrap.shortcode-single-image-d5c5d28f8427cd7ab696a23b88726f2e.enable-bg-rollover .rollover-video i {\n  background: ;\n  background: -webkit-linear-gradient();\n  background: linear-gradient();\n}\n.shortcode-single-image-wrap.shortcode-single-image-d5c5d28f8427cd7ab696a23b88726f2e .rollover-icon {\n  font-size: 32px;\n  color: #ffffff;\n  min-width: 44px;\n  min-height: 44px;\n  line-height: 44px;\n  border-radius: 100px;\n  border-style: solid;\n  border-width: 0px;\n}\n.dt-icon-bg-on.shortcode-single-image-wrap.shortcode-single-image-d5c5d28f8427cd7ab696a23b88726f2e .rollover-icon {\n  background: rgba(255,255,255,0.3);\n  box-shadow: none;\n}<\/style><div class=\"shortcode-single-image-wrap shortcode-single-image-d5c5d28f8427cd7ab696a23b88726f2e alignnone  enable-bg-rollover dt-icon-bg-off\" style=\"margin-top:0px; margin-bottom:0px; margin-left:0px; margin-right:0px;\"><div class=\"shortcode-single-image\"><div class=\"fancy-media-wrap  layzr-bg\" style=\"\"><img fetchpriority=\"high\" decoding=\"async\" class=\"preload-me lazy-load aspect\" src=\"data:image\/svg+xml,%3Csvg%20xmlns%3D&#39;http%3A%2F%2Fwww.w3.org%2F2000%2Fsvg&#39;%20viewBox%3D&#39;0%200%201000%20667&#39;%2F%3E\" data-src=\"https:\/\/www.hoteltreponti.it\/wp-content\/uploads\/2019\/08\/sauna.jpg\" data-srcset=\"https:\/\/www.hoteltreponti.it\/wp-content\/uploads\/2019\/08\/sauna.jpg 1000w\" loading=\"eager\" sizes=\"(max-width: 1000px) 100vw, 1000px\" width=\"1000\" height=\"667\"  data-dt-location=\"https:\/\/www.hoteltreponti.it\/de\/relax\/sauna\/\" style=\"--ratio: 1000 \/ 667;box-shadow:5px 5px 5px 3px rgba(0,0,0,0.2); -webkit-box-shadow:5px 5px 5px 3px rgba(0,0,0,0.2);\" alt=\"\" \/><\/div><\/div><\/div>[\/vc_column][vc_column width=&#8220;1\/2&#8243; css=&#8220;.vc_custom_1469185140913{padding-bottom: 20px !important;}&#8220;]<div id=\"ultimate-heading-72656a0488912f96a\" class=\"uvc-heading ult-adjust-bottom-margin ultimate-heading-72656a0488912f96a uvc-9535 \" data-hspacer=\"no_spacer\"  data-halign=\"left\" style=\"text-align:left\"><div class=\"uvc-heading-spacer no_spacer\" style=\"top\"><\/div><div class=\"uvc-main-heading ult-responsive\"  data-ultimate-target='.uvc-heading.ultimate-heading-72656a0488912f96a span'  data-responsive-json-new='{\"font-size\":\"desktop:40px;\",\"line-height\":\"desktop:45px;\"}' ><span style=\"font-family:&#039;Great Vibes&#039;;--font-weight:theme;color:#c5ab6b;margin-bottom:30px;\">Sauna<\/span><\/div><\/div>[vc_column_text]Nach einem Tag voller Aktivit\u00e4ten in der Umgebung, k\u00f6nnen Sie sich in einem erholsamen und gesunden Umfeld, in der kostenlosen Sauna entspannen. Lernen Sie die positiven Aspekte f\u00fcr Gesundheit und Wohlbefinden kennen, die eine Sauna f\u00fcr K\u00f6rper und Geist bietet. Das d\u00fcrfen Sie nicht verpassen.[\/vc_column_text][\/vc_column][\/vc_row][vc_row full_width=&#8220;stretch_row&#8220; equal_height=&#8220;yes&#8220; content_placement=&#8220;middle&#8220; bg_type=&#8220;bg_color&#8220; bg_override=&#8220;ex-full&#8220; type=&#8220;vc_default&#8220; css=&#8220;.vc_custom_1564993735660{padding-top: 50px !important;padding-bottom: 20px !important;}&#8220;][vc_column width=&#8220;3\/4&#8243; css=&#8220;.vc_custom_1560184682650{padding-bottom: 30px !important;}&#8220;]<div id=\"ultimate-heading-83436a0488912f9c3\" class=\"uvc-heading ult-adjust-bottom-margin ultimate-heading-83436a0488912f9c3 uvc-478 \" data-hspacer=\"no_spacer\"  data-halign=\"left\" style=\"text-align:left\"><div class=\"uvc-heading-spacer no_spacer\" style=\"top\"><\/div><div class=\"uvc-main-heading ult-responsive\"  data-ultimate-target='.uvc-heading.ultimate-heading-83436a0488912f9c3 span'  data-responsive-json-new='{\"font-size\":\"desktop:40px;\",\"line-height\":\"desktop:45px;\"}' ><span style=\"font-family:&#039;Great Vibes&#039;;--font-weight:theme;color:#c5ab6b;margin-bottom:30px;\">T\u00fcrkisches Bad<\/span><\/div><\/div>[vc_column_text]Entspannung! Das ist, was wir alle brauchen. Vor allem, wenn Sie von einer langen und zauberhaften Wanderung in den Dolomiten, zu Fu\u00df oder mit dem Mountainbike, oder nach einem Spaziergang im Dorf zum Einkaufen zur\u00fcckkehren. T\u00fcrkisches Bad, ja, aber in den Dolomiten. Wow![\/vc_column_text][\/vc_column][vc_column width=&#8220;1\/4&#8243; css=&#8220;.vc_custom_1469185140913{padding-bottom: 20px !important;}&#8220;]<style type=\"text\/css\" data-type=\"the7_shortcodes-inline-css\">.shortcode-single-image-wrap.shortcode-single-image-481cf00e80ea977f0f1da55697af7f8b.enable-bg-rollover .rollover i,\n.shortcode-single-image-wrap.shortcode-single-image-481cf00e80ea977f0f1da55697af7f8b.enable-bg-rollover .rollover-video i {\n  background: ;\n  background: -webkit-linear-gradient();\n  background: linear-gradient();\n}\n.shortcode-single-image-wrap.shortcode-single-image-481cf00e80ea977f0f1da55697af7f8b .rollover-icon {\n  font-size: 32px;\n  color: #ffffff;\n  min-width: 44px;\n  min-height: 44px;\n  line-height: 44px;\n  border-radius: 100px;\n  border-style: solid;\n  border-width: 0px;\n}\n.dt-icon-bg-on.shortcode-single-image-wrap.shortcode-single-image-481cf00e80ea977f0f1da55697af7f8b .rollover-icon {\n  background: rgba(255,255,255,0.3);\n  box-shadow: none;\n}<\/style><div class=\"shortcode-single-image-wrap shortcode-single-image-481cf00e80ea977f0f1da55697af7f8b alignnone  enable-bg-rollover dt-icon-bg-off\" style=\"margin-top:0px; margin-bottom:0px; margin-left:0px; margin-right:0px;\"><div class=\"shortcode-single-image\"><div class=\"fancy-media-wrap  layzr-bg\" style=\"\"><img decoding=\"async\" class=\"preload-me lazy-load aspect\" src=\"data:image\/svg+xml,%3Csvg%20xmlns%3D&#39;http%3A%2F%2Fwww.w3.org%2F2000%2Fsvg&#39;%20viewBox%3D&#39;0%200%20750%201000&#39;%2F%3E\" data-src=\"https:\/\/www.hoteltreponti.it\/wp-content\/uploads\/2019\/08\/bagno-turco.jpg\" data-srcset=\"https:\/\/www.hoteltreponti.it\/wp-content\/uploads\/2019\/08\/bagno-turco.jpg 750w\" loading=\"eager\" sizes=\"(max-width: 750px) 100vw, 750px\" width=\"750\" height=\"1000\"  data-dt-location=\"https:\/\/www.hoteltreponti.it\/de\/relax\/bagno-turco\/\" style=\"--ratio: 750 \/ 1000;box-shadow:5px 5px 5px 3px rgba(0,0,0,0.2); -webkit-box-shadow:5px 5px 5px 3px rgba(0,0,0,0.2);\" alt=\"\" \/><\/div><\/div><\/div>[\/vc_column][\/vc_row][vc_row full_width=&#8220;stretch_row&#8220; equal_height=&#8220;yes&#8220; content_placement=&#8220;middle&#8220; bg_type=&#8220;bg_color&#8220; bg_override=&#8220;ex-full&#8220; type=&#8220;vc_default&#8220; css=&#8220;.vc_custom_1564993626397{padding-top: 50px !important;padding-bottom: 20px !important;}&#8220; bg_color_value=&#8220;rgba(163,147,124,0.1)&#8220;][vc_column width=&#8220;1\/2&#8243; css=&#8220;.vc_custom_1560184682650{padding-bottom: 30px !important;}&#8220;]<style type=\"text\/css\" data-type=\"the7_shortcodes-inline-css\">.shortcode-single-image-wrap.shortcode-single-image-61c910be3d2e83269e1036bae2e0d497.enable-bg-rollover .rollover i,\n.shortcode-single-image-wrap.shortcode-single-image-61c910be3d2e83269e1036bae2e0d497.enable-bg-rollover .rollover-video i {\n  background: ;\n  background: -webkit-linear-gradient();\n  background: linear-gradient();\n}\n.shortcode-single-image-wrap.shortcode-single-image-61c910be3d2e83269e1036bae2e0d497 .rollover-icon {\n  font-size: 32px;\n  color: #ffffff;\n  min-width: 44px;\n  min-height: 44px;\n  line-height: 44px;\n  border-radius: 100px;\n  border-style: solid;\n  border-width: 0px;\n}\n.dt-icon-bg-on.shortcode-single-image-wrap.shortcode-single-image-61c910be3d2e83269e1036bae2e0d497 .rollover-icon {\n  background: rgba(255,255,255,0.3);\n  box-shadow: none;\n}<\/style><div class=\"shortcode-single-image-wrap shortcode-single-image-61c910be3d2e83269e1036bae2e0d497 alignnone  enable-bg-rollover dt-icon-bg-off\" style=\"margin-top:0px; margin-bottom:0px; margin-left:0px; margin-right:0px;\"><div class=\"shortcode-single-image\"><div class=\"fancy-media-wrap  layzr-bg\" style=\"\"><img decoding=\"async\" class=\"preload-me lazy-load aspect\" src=\"data:image\/svg+xml,%3Csvg%20xmlns%3D&#39;http%3A%2F%2Fwww.w3.org%2F2000%2Fsvg&#39;%20viewBox%3D&#39;0%200%201000%20667&#39;%2F%3E\" data-src=\"https:\/\/www.hoteltreponti.it\/wp-content\/uploads\/2019\/08\/idromassaggio.jpg\" data-srcset=\"https:\/\/www.hoteltreponti.it\/wp-content\/uploads\/2019\/08\/idromassaggio.jpg 1000w\" loading=\"eager\" sizes=\"(max-width: 1000px) 100vw, 1000px\" width=\"1000\" height=\"667\"  data-dt-location=\"https:\/\/www.hoteltreponti.it\/de\/relax\/idromassaggio\/\" style=\"--ratio: 1000 \/ 667;box-shadow:5px 5px 5px 3px rgba(0,0,0,0.2); -webkit-box-shadow:5px 5px 5px 3px rgba(0,0,0,0.2);\" alt=\"\" \/><\/div><\/div><\/div>[\/vc_column][vc_column width=&#8220;1\/2&#8243; css=&#8220;.vc_custom_1469185140913{padding-bottom: 20px !important;}&#8220;]<div id=\"ultimate-heading-32616a048891304ea\" class=\"uvc-heading ult-adjust-bottom-margin ultimate-heading-32616a048891304ea uvc-3109 \" data-hspacer=\"no_spacer\"  data-halign=\"left\" style=\"text-align:left\"><div class=\"uvc-heading-spacer no_spacer\" style=\"top\"><\/div><div class=\"uvc-main-heading ult-responsive\"  data-ultimate-target='.uvc-heading.ultimate-heading-32616a048891304ea span'  data-responsive-json-new='{\"font-size\":\"desktop:40px;\",\"line-height\":\"desktop:45px;\"}' ><span style=\"font-family:&#039;Great Vibes&#039;;--font-weight:theme;color:#c5ab6b;\">Hydromassage<\/span><\/div><\/div>[vc_column_text]Wasser als Lebensquelle, Massage als sanfte Ber\u00fchrung: Die Hydromassage hilft, Kontrakturen des K\u00f6rpers durch Stress, Leistungssport, pl\u00f6tzliche Bewegungen, \u00dcbergewicht zu verhindern und zu mildern. Bei uns ist auch ein Bad in der Badewanne ein Urlaub.[\/vc_column_text][\/vc_column][\/vc_row][vc_row full_width=&#8220;stretch_row&#8220; equal_height=&#8220;yes&#8220; content_placement=&#8220;middle&#8220; bg_type=&#8220;bg_color&#8220; bg_override=&#8220;ex-full&#8220; type=&#8220;vc_default&#8220; css=&#8220;.vc_custom_1564993735660{padding-top: 50px !important;padding-bottom: 20px !important;}&#8220;][vc_column width=&#8220;1\/2&#8243; css=&#8220;.vc_custom_1560184682650{padding-bottom: 30px !important;}&#8220;]<div id=\"ultimate-heading-16726a04889130535\" class=\"uvc-heading ult-adjust-bottom-margin ultimate-heading-16726a04889130535 uvc-1713 \" data-hspacer=\"no_spacer\"  data-halign=\"left\" style=\"text-align:left\"><div class=\"uvc-heading-spacer no_spacer\" style=\"top\"><\/div><div class=\"uvc-main-heading ult-responsive\"  data-ultimate-target='.uvc-heading.ultimate-heading-16726a04889130535 span'  data-responsive-json-new='{\"font-size\":\"desktop:40px;\",\"line-height\":\"desktop:45px;\"}' ><span style=\"font-family:&#039;Great Vibes&#039;;--font-weight:theme;color:#c5ab6b;\">Der Garten<\/span><\/div><\/div>[vc_column_text]Der Garten ist gro\u00df und gepflegt, voller typischer Blumen und ausgestattet mit einem Holzdach, Tischen und St\u00fchlen zum Entspannen, Lesen eines Buches oder einem guten Kaffee. Der Zaun, der ihn von der Stra\u00dfe trennt, tr\u00e4gt dazu bei, den G\u00e4sten und Kindern ein Gef\u00fchl der Privatsph\u00e4re und Sicherheit zu vermitteln. Bezaubernd und farbenfroh, dehnen sich seine D\u00fcfte aus und vermischen sich mit denen aus der Kr\u00e4uterecke.[\/vc_column_text][\/vc_column][vc_column width=&#8220;1\/2&#8243; css=&#8220;.vc_custom_1469185140913{padding-bottom: 20px !important;}&#8220;]<style type=\"text\/css\" data-type=\"the7_shortcodes-inline-css\">.shortcode-single-image-wrap.shortcode-single-image-817be09ab427ebdf76c83ab0817c5820.enable-bg-rollover .rollover i,\n.shortcode-single-image-wrap.shortcode-single-image-817be09ab427ebdf76c83ab0817c5820.enable-bg-rollover .rollover-video i {\n  background: ;\n  background: -webkit-linear-gradient();\n  background: linear-gradient();\n}\n.shortcode-single-image-wrap.shortcode-single-image-817be09ab427ebdf76c83ab0817c5820 .rollover-icon {\n  font-size: 32px;\n  color: #ffffff;\n  min-width: 44px;\n  min-height: 44px;\n  line-height: 44px;\n  border-radius: 100px;\n  border-style: solid;\n  border-width: 0px;\n}\n.dt-icon-bg-on.shortcode-single-image-wrap.shortcode-single-image-817be09ab427ebdf76c83ab0817c5820 .rollover-icon {\n  background: rgba(255,255,255,0.3);\n  box-shadow: none;\n}<\/style><div class=\"shortcode-single-image-wrap shortcode-single-image-817be09ab427ebdf76c83ab0817c5820 alignnone  enable-bg-rollover dt-icon-bg-off\" style=\"margin-top:0px; margin-bottom:0px; margin-left:0px; margin-right:0px;\"><div class=\"shortcode-single-image\"><div class=\"fancy-media-wrap  layzr-bg\" style=\"\"><img decoding=\"async\" class=\"preload-me lazy-load aspect\" src=\"data:image\/svg+xml,%3Csvg%20xmlns%3D&#39;http%3A%2F%2Fwww.w3.org%2F2000%2Fsvg&#39;%20viewBox%3D&#39;0%200%201000%20667&#39;%2F%3E\" data-src=\"https:\/\/www.hoteltreponti.it\/wp-content\/uploads\/2019\/08\/giardino-hoteltreponti.jpg\" data-srcset=\"https:\/\/www.hoteltreponti.it\/wp-content\/uploads\/2019\/08\/giardino-hoteltreponti.jpg 1000w\" loading=\"eager\" sizes=\"(max-width: 1000px) 100vw, 1000px\" width=\"1000\" height=\"667\"  data-dt-location=\"https:\/\/www.hoteltreponti.it\/de\/relax\/giardino-hoteltreponti\/\" style=\"--ratio: 1000 \/ 667;box-shadow:5px 5px 5px 3px rgba(0,0,0,0.2); -webkit-box-shadow:5px 5px 5px 3px rgba(0,0,0,0.2);\" alt=\"\" \/><\/div><\/div><\/div>[\/vc_column][\/vc_row]<\/p>\n<\/div>","protected":false},"excerpt":{"rendered":"<p>[vc_row type=&#8220;vc_default&#8220; css=&#8220;.vc_custom_1564993491844{padding-top: 10px !important;padding-bottom: 0px !important;}&#8220;][vc_column css=&#8220;.vc_custom_1564993554584{padding-bottom: 40px !important;}&#8220;][vc_column_text]Sowohl die Familienzimmer als auch die Zimmer Relax haben Zugang zum integrierten Wellnesszentrummit Whirlpool, Sauna und t\u00fcrkischem Bad. Eine gef\u00fchlvolle Beleuchtung mit einstellbarer Intensit\u00e4t tr\u00e4gen dazu bei, den Komfort weiter zu erh\u00f6hen. Das spiegelt sich auch in den einladenden D\u00fcften von Bergkr\u00e4utern und Beerentees im Ruhebereich,&hellip;<\/p>\n","protected":false},"author":1,"featured_media":0,"parent":0,"menu_order":1,"comment_status":"closed","ping_status":"closed","template":"","meta":{"footnotes":""},"class_list":["post-1731","page","type-page","status-publish","hentry","description-off"],"yoast_head":"<!-- This site is optimized with the Yoast SEO plugin v27.3 - https:\/\/yoast.com\/product\/yoast-seo-wordpress\/ -->\n<title>Entspannung - Hotel Tre Ponti<\/title>\n<meta name=\"robots\" content=\"index, follow, max-snippet:-1, max-image-preview:large, max-video-preview:-1\" \/>\n<link rel=\"canonical\" href=\"https:\/\/www.hoteltreponti.it\/de\/entspannung\/\" \/>\n<meta property=\"og:locale\" content=\"de_DE\" \/>\n<meta property=\"og:type\" content=\"article\" \/>\n<meta property=\"og:title\" content=\"Entspannung - Hotel Tre Ponti\" \/>\n<meta property=\"og:description\" content=\"[vc_row type=&#8220;vc_default&#8220; css=&#8220;.vc_custom_1564993491844{padding-top: 10px !important;padding-bottom: 0px !important;}&#8220;][vc_column css=&#8220;.vc_custom_1564993554584{padding-bottom: 40px !important;}&#8220;][vc_column_text]Sowohl die Familienzimmer als auch die Zimmer Relax haben Zugang zum integrierten Wellnesszentrummit Whirlpool, Sauna und t\u00fcrkischem Bad. Eine gef\u00fchlvolle Beleuchtung mit einstellbarer Intensit\u00e4t tr\u00e4gen dazu bei, den Komfort weiter zu erh\u00f6hen. Das spiegelt sich auch in den einladenden D\u00fcften von Bergkr\u00e4utern und Beerentees im Ruhebereich,&hellip;\" \/>\n<meta property=\"og:url\" content=\"https:\/\/www.hoteltreponti.it\/de\/entspannung\/\" \/>\n<meta property=\"og:site_name\" content=\"Hotel Tre Ponti\" \/>\n<meta property=\"article:modified_time\" content=\"2019-10-11T10:03:49+00:00\" \/>\n<meta name=\"twitter:card\" content=\"summary_large_image\" \/>\n<meta name=\"twitter:label1\" content=\"Gesch\u00e4tzte Lesezeit\" \/>\n\t<meta name=\"twitter:data1\" content=\"5\u00a0Minuten\" \/>\n<script type=\"application\/ld+json\" class=\"yoast-schema-graph\">{\"@context\":\"https:\\\/\\\/schema.org\",\"@graph\":[{\"@type\":\"WebPage\",\"@id\":\"https:\\\/\\\/www.hoteltreponti.it\\\/de\\\/entspannung\\\/\",\"url\":\"https:\\\/\\\/www.hoteltreponti.it\\\/de\\\/entspannung\\\/\",\"name\":\"Entspannung - Hotel Tre Ponti\",\"isPartOf\":{\"@id\":\"https:\\\/\\\/www.hoteltreponti.it\\\/#website\"},\"datePublished\":\"2019-10-11T09:59:09+00:00\",\"dateModified\":\"2019-10-11T10:03:49+00:00\",\"breadcrumb\":{\"@id\":\"https:\\\/\\\/www.hoteltreponti.it\\\/de\\\/entspannung\\\/#breadcrumb\"},\"inLanguage\":\"de\",\"potentialAction\":[{\"@type\":\"ReadAction\",\"target\":[\"https:\\\/\\\/www.hoteltreponti.it\\\/de\\\/entspannung\\\/\"]}]},{\"@type\":\"BreadcrumbList\",\"@id\":\"https:\\\/\\\/www.hoteltreponti.it\\\/de\\\/entspannung\\\/#breadcrumb\",\"itemListElement\":[{\"@type\":\"ListItem\",\"position\":1,\"name\":\"Home\",\"item\":\"https:\\\/\\\/www.hoteltreponti.it\\\/de\\\/\"},{\"@type\":\"ListItem\",\"position\":2,\"name\":\"Entspannung\"}]},{\"@type\":\"WebSite\",\"@id\":\"https:\\\/\\\/www.hoteltreponti.it\\\/#website\",\"url\":\"https:\\\/\\\/www.hoteltreponti.it\\\/\",\"name\":\"Hotel Tre Ponti\",\"description\":\"Primiero - Trentino\",\"publisher\":{\"@id\":\"https:\\\/\\\/www.hoteltreponti.it\\\/#organization\"},\"potentialAction\":[{\"@type\":\"SearchAction\",\"target\":{\"@type\":\"EntryPoint\",\"urlTemplate\":\"https:\\\/\\\/www.hoteltreponti.it\\\/?s={search_term_string}\"},\"query-input\":{\"@type\":\"PropertyValueSpecification\",\"valueRequired\":true,\"valueName\":\"search_term_string\"}}],\"inLanguage\":\"de\"},{\"@type\":\"Organization\",\"@id\":\"https:\\\/\\\/www.hoteltreponti.it\\\/#organization\",\"name\":\"Hotel Tre Ponti - San Martino Di Castrozza\",\"url\":\"https:\\\/\\\/www.hoteltreponti.it\\\/\",\"logo\":{\"@type\":\"ImageObject\",\"inLanguage\":\"de\",\"@id\":\"https:\\\/\\\/www.hoteltreponti.it\\\/#\\\/schema\\\/logo\\\/image\\\/\",\"url\":\"https:\\\/\\\/www.hoteltreponti.it\\\/wp-content\\\/uploads\\\/2019\\\/05\\\/hotel-3-ponti-sc.png\",\"contentUrl\":\"https:\\\/\\\/www.hoteltreponti.it\\\/wp-content\\\/uploads\\\/2019\\\/05\\\/hotel-3-ponti-sc.png\",\"width\":150,\"height\":106,\"caption\":\"Hotel Tre Ponti - San Martino Di Castrozza\"},\"image\":{\"@id\":\"https:\\\/\\\/www.hoteltreponti.it\\\/#\\\/schema\\\/logo\\\/image\\\/\"}}]}<\/script>\n<!-- \/ Yoast SEO plugin. -->","yoast_head_json":{"title":"Entspannung - Hotel Tre Ponti","robots":{"index":"index","follow":"follow","max-snippet":"max-snippet:-1","max-image-preview":"max-image-preview:large","max-video-preview":"max-video-preview:-1"},"canonical":"https:\/\/www.hoteltreponti.it\/de\/entspannung\/","og_locale":"de_DE","og_type":"article","og_title":"Entspannung - Hotel Tre Ponti","og_description":"[vc_row type=&#8220;vc_default&#8220; css=&#8220;.vc_custom_1564993491844{padding-top: 10px !important;padding-bottom: 0px !important;}&#8220;][vc_column css=&#8220;.vc_custom_1564993554584{padding-bottom: 40px !important;}&#8220;][vc_column_text]Sowohl die Familienzimmer als auch die Zimmer Relax haben Zugang zum integrierten Wellnesszentrummit Whirlpool, Sauna und t\u00fcrkischem Bad. Eine gef\u00fchlvolle Beleuchtung mit einstellbarer Intensit\u00e4t tr\u00e4gen dazu bei, den Komfort weiter zu erh\u00f6hen. Das spiegelt sich auch in den einladenden D\u00fcften von Bergkr\u00e4utern und Beerentees im Ruhebereich,&hellip;","og_url":"https:\/\/www.hoteltreponti.it\/de\/entspannung\/","og_site_name":"Hotel Tre Ponti","article_modified_time":"2019-10-11T10:03:49+00:00","twitter_card":"summary_large_image","twitter_misc":{"Gesch\u00e4tzte Lesezeit":"5\u00a0Minuten"},"schema":{"@context":"https:\/\/schema.org","@graph":[{"@type":"WebPage","@id":"https:\/\/www.hoteltreponti.it\/de\/entspannung\/","url":"https:\/\/www.hoteltreponti.it\/de\/entspannung\/","name":"Entspannung - Hotel Tre Ponti","isPartOf":{"@id":"https:\/\/www.hoteltreponti.it\/#website"},"datePublished":"2019-10-11T09:59:09+00:00","dateModified":"2019-10-11T10:03:49+00:00","breadcrumb":{"@id":"https:\/\/www.hoteltreponti.it\/de\/entspannung\/#breadcrumb"},"inLanguage":"de","potentialAction":[{"@type":"ReadAction","target":["https:\/\/www.hoteltreponti.it\/de\/entspannung\/"]}]},{"@type":"BreadcrumbList","@id":"https:\/\/www.hoteltreponti.it\/de\/entspannung\/#breadcrumb","itemListElement":[{"@type":"ListItem","position":1,"name":"Home","item":"https:\/\/www.hoteltreponti.it\/de\/"},{"@type":"ListItem","position":2,"name":"Entspannung"}]},{"@type":"WebSite","@id":"https:\/\/www.hoteltreponti.it\/#website","url":"https:\/\/www.hoteltreponti.it\/","name":"Hotel Tre Ponti","description":"Primiero - Trentino","publisher":{"@id":"https:\/\/www.hoteltreponti.it\/#organization"},"potentialAction":[{"@type":"SearchAction","target":{"@type":"EntryPoint","urlTemplate":"https:\/\/www.hoteltreponti.it\/?s={search_term_string}"},"query-input":{"@type":"PropertyValueSpecification","valueRequired":true,"valueName":"search_term_string"}}],"inLanguage":"de"},{"@type":"Organization","@id":"https:\/\/www.hoteltreponti.it\/#organization","name":"Hotel Tre Ponti - San Martino Di Castrozza","url":"https:\/\/www.hoteltreponti.it\/","logo":{"@type":"ImageObject","inLanguage":"de","@id":"https:\/\/www.hoteltreponti.it\/#\/schema\/logo\/image\/","url":"https:\/\/www.hoteltreponti.it\/wp-content\/uploads\/2019\/05\/hotel-3-ponti-sc.png","contentUrl":"https:\/\/www.hoteltreponti.it\/wp-content\/uploads\/2019\/05\/hotel-3-ponti-sc.png","width":150,"height":106,"caption":"Hotel Tre Ponti - San Martino Di Castrozza"},"image":{"@id":"https:\/\/www.hoteltreponti.it\/#\/schema\/logo\/image\/"}}]}},"_links":{"self":[{"href":"https:\/\/www.hoteltreponti.it\/de\/wp-json\/wp\/v2\/pages\/1731","targetHints":{"allow":["GET"]}}],"collection":[{"href":"https:\/\/www.hoteltreponti.it\/de\/wp-json\/wp\/v2\/pages"}],"about":[{"href":"https:\/\/www.hoteltreponti.it\/de\/wp-json\/wp\/v2\/types\/page"}],"author":[{"embeddable":true,"href":"https:\/\/www.hoteltreponti.it\/de\/wp-json\/wp\/v2\/users\/1"}],"replies":[{"embeddable":true,"href":"https:\/\/www.hoteltreponti.it\/de\/wp-json\/wp\/v2\/comments?post=1731"}],"version-history":[{"count":3,"href":"https:\/\/www.hoteltreponti.it\/de\/wp-json\/wp\/v2\/pages\/1731\/revisions"}],"predecessor-version":[{"id":1734,"href":"https:\/\/www.hoteltreponti.it\/de\/wp-json\/wp\/v2\/pages\/1731\/revisions\/1734"}],"wp:attachment":[{"href":"https:\/\/www.hoteltreponti.it\/de\/wp-json\/wp\/v2\/media?parent=1731"}],"curies":[{"name":"wp","href":"https:\/\/api.w.org\/{rel}","templated":true}]}}